{"id":2219,"date":"2021-01-13T14:15:48","date_gmt":"2021-01-13T14:15:48","guid":{"rendered":"http:\/\/uzmandokum.com.tr\/demo\/?page_id=2219"},"modified":"2021-01-13T14:31:45","modified_gmt":"2021-01-13T14:31:45","slug":"kokil-dokum","status":"publish","type":"page","link":"http:\/\/uzmandokum.com.tr\/demo\/hizmetler\/kokil-dokum\/","title":{"rendered":"Kokil D\u00f6k\u00fcm"},"content":{"rendered":"<p>[vc_row][vc_column width=&#8221;1\/2&#8243;][vc_column_text]<\/p>\n<h4 class=\"box-title\">Kokil D\u00f6k\u00fcm<\/h4>\n<p><span class=\"services_box__list-text\">Kokil d\u00f6k\u00fcm eritilmi\u015f metalin \u00e7elik veya d\u00f6kme sfero dan yap\u0131lm\u0131\u015f bir kal\u0131ba d\u00f6k\u00fclerek bo\u015flu\u011fun doldurulmas\u0131 i\u015flemi ile yap\u0131lan bir d\u00f6k\u00fcm y\u00f6ntemidir ve d\u00fc\u015f\u00fck erime s\u0131cakl\u0131\u011f\u0131na sahip ala\u015f\u0131mlar\u0131n d\u00f6k\u00fcm\u00fcnde kullan\u0131l\u0131r.<\/span><\/p>\n<p><span class=\"services_box__list-text\">Kal\u0131b\u0131n\u0131n pahal\u0131 olmas\u0131 nedeniyle \u00e7ok say\u0131da par\u00e7an\u0131n \u00fcretimi i\u00e7in idealdir.<\/span><\/p>\n<p><span class=\"services_box__list-text\">Haz\u0131rlanan kal\u0131p defalarca kullan\u0131labilir.<\/span><\/p>\n<p><span class=\"services_box__list-text\">Kokil d\u00f6k\u00fcm y\u00f6ntemi ile d\u00f6k\u00fclen \u00fcr\u00fcnler, kum kal\u0131ba\u00a0 d\u00f6k\u00fcm\u00a0 y\u00f6ntemi ile d\u00f6k\u00fclen \u00fcr\u00fcnlere g\u00f6re\u00a0 \u00a0y\u00fczey kalitesi olarak daha iyi ve malzeme doku s\u0131kl\u0131\u011f\u0131 bak\u0131mdan daha\u00a0 iyidir.<\/span>[\/vc_column_text][\/vc_column][vc_column width=&#8221;1\/2&#8243;][vc_gallery type=&#8221;flexslider_slide&#8221; interval=&#8221;3&#8243; images=&#8221;479,478&#8243; img_size=&#8221;full&#8221; onclick=&#8221;&#8221;][vc_empty_space height=&#8221;24px&#8221;][\/vc_column][\/vc_row][vc_row][vc_column][vc_empty_space height=&#8221;40px&#8221;][\/vc_column][\/vc_row]<\/p>\n","protected":false},"excerpt":{"rendered":"<p>[vc_row][vc_column width=&#8221;1\/2&#8243;][vc_column_text] Kokil D\u00f6k\u00fcm Kokil d\u00f6k\u00fcm eritilmi\u015f metalin \u00e7elik veya d\u00f6kme sfero dan yap\u0131lm\u0131\u015f bir kal\u0131ba d\u00f6k\u00fclerek bo\u015flu\u011fun doldurulmas\u0131 i\u015flemi ile yap\u0131lan bir d\u00f6k\u00fcm y\u00f6ntemidir ve d\u00fc\u015f\u00fck erime s\u0131cakl\u0131\u011f\u0131na sahip ala\u015f\u0131mlar\u0131n d\u00f6k\u00fcm\u00fcnde kullan\u0131l\u0131r. Kal\u0131b\u0131n\u0131n pahal\u0131 olmas\u0131 nedeniyle \u00e7ok say\u0131da par\u00e7an\u0131n \u00fcretimi i\u00e7in idealdir. Haz\u0131rlanan kal\u0131p defalarca kullan\u0131labilir. Kokil d\u00f6k\u00fcm y\u00f6ntemi ile [&hellip;]<\/p>\n","protected":false},"author":1,"featured_media":0,"parent":2233,"menu_order":0,"comment_status":"closed","ping_status":"closed","template":"tpl\/page_single.php","meta":[],"_links":{"self":[{"href":"http:\/\/uzmandokum.com.tr\/demo\/wp-json\/wp\/v2\/pages\/2219"}],"collection":[{"href":"http:\/\/uzmandokum.com.tr\/demo\/wp-json\/wp\/v2\/pages"}],"about":[{"href":"http:\/\/uzmandokum.com.tr\/demo\/wp-json\/wp\/v2\/types\/page"}],"author":[{"embeddable":true,"href":"http:\/\/uzmandokum.com.tr\/demo\/wp-json\/wp\/v2\/users\/1"}],"replies":[{"embeddable":true,"href":"http:\/\/uzmandokum.com.tr\/demo\/wp-json\/wp\/v2\/comments?post=2219"}],"version-history":[{"count":4,"href":"http:\/\/uzmandokum.com.tr\/demo\/wp-json\/wp\/v2\/pages\/2219\/revisions"}],"predecessor-version":[{"id":2239,"href":"http:\/\/uzmandokum.com.tr\/demo\/wp-json\/wp\/v2\/pages\/2219\/revisions\/2239"}],"up":[{"embeddable":true,"href":"http:\/\/uzmandokum.com.tr\/demo\/wp-json\/wp\/v2\/pages\/2233"}],"wp:attachment":[{"href":"http:\/\/uzmandokum.com.tr\/demo\/wp-json\/wp\/v2\/media?parent=2219"}],"curies":[{"name":"wp","href":"https:\/\/api.w.org\/{rel}","templated":true}]}}