{"id":2224,"date":"2021-01-13T14:16:55","date_gmt":"2021-01-13T14:16:55","guid":{"rendered":"http:\/\/uzmandokum.com.tr\/demo\/?page_id=2224"},"modified":"2021-01-13T14:22:25","modified_gmt":"2021-01-13T14:22:25","slug":"tesviye-kumlama","status":"publish","type":"page","link":"http:\/\/uzmandokum.com.tr\/demo\/hizmetler\/tesviye-kumlama\/","title":{"rendered":"Tesviye &#038; Kumlama"},"content":{"rendered":"<p>[vc_row][vc_column width=&#8221;1\/2&#8243;][vc_column_text]<\/p>\n<h4 class=\"box-title\">Tesviye &amp; Kumlama<\/h4>\n<p><span class=\"services_box__list-text\">Firmam\u0131zda al\u00fcminyum d\u00f6k\u00fcm par\u00e7alar\u0131n\u0131n d\u00f6k\u00fcm sonras\u0131 kaba ve ince temizlikleri yap\u0131larak yolluk ve besleyicisi kesildikten sonra kesilen alanlar\u0131n d\u00fczeltilmesi ve ayr\u0131ca \u00e7apaklar\u0131n giderilmesi i\u00e7in z\u0131mpara ve ince z\u0131mpara makinelerinden ge\u00e7tikten sonra kumlamaya haz\u0131r hale getirilir.<\/span><\/p>\n<p><span class=\"services_box__list-text\">M\u00fc\u015fteri memnuniyeti esas al\u0131narak m\u00fc\u015fterilerin istemi\u015f oldu\u011fu prosesleri \u00fcr\u00fcn temizli\u011finde uygular.<\/span><\/p>\n<p><span class=\"services_box__list-text\">Firmam\u0131z hassas temizlik isteyen \u00fcr\u00fcnlerde Otomatik Ta\u015flama Robotu ile ta\u015flama ve tesviye yapmaktad\u0131r.<\/span>[\/vc_column_text][\/vc_column][vc_column width=&#8221;1\/2&#8243;][vc_gallery type=&#8221;flexslider_slide&#8221; interval=&#8221;3&#8243; images=&#8221;479,478&#8243; img_size=&#8221;full&#8221; onclick=&#8221;&#8221;][\/vc_column][\/vc_row][vc_row][vc_column][vc_empty_space height=&#8221;40px&#8221;][\/vc_column][\/vc_row]<\/p>\n","protected":false},"excerpt":{"rendered":"<p>[vc_row][vc_column width=&#8221;1\/2&#8243;][vc_column_text] Tesviye &amp; Kumlama Firmam\u0131zda al\u00fcminyum d\u00f6k\u00fcm par\u00e7alar\u0131n\u0131n d\u00f6k\u00fcm sonras\u0131 kaba ve ince temizlikleri yap\u0131larak yolluk ve besleyicisi kesildikten sonra kesilen alanlar\u0131n d\u00fczeltilmesi ve ayr\u0131ca \u00e7apaklar\u0131n giderilmesi i\u00e7in z\u0131mpara ve ince z\u0131mpara makinelerinden ge\u00e7tikten sonra kumlamaya haz\u0131r hale getirilir. M\u00fc\u015fteri memnuniyeti esas al\u0131narak m\u00fc\u015fterilerin istemi\u015f oldu\u011fu prosesleri \u00fcr\u00fcn temizli\u011finde uygular. [&hellip;]<\/p>\n","protected":false},"author":1,"featured_media":0,"parent":2233,"menu_order":0,"comment_status":"closed","ping_status":"closed","template":"tpl\/page_single.php","meta":[],"_links":{"self":[{"href":"http:\/\/uzmandokum.com.tr\/demo\/wp-json\/wp\/v2\/pages\/2224"}],"collection":[{"href":"http:\/\/uzmandokum.com.tr\/demo\/wp-json\/wp\/v2\/pages"}],"about":[{"href":"http:\/\/uzmandokum.com.tr\/demo\/wp-json\/wp\/v2\/types\/page"}],"author":[{"embeddable":true,"href":"http:\/\/uzmandokum.com.tr\/demo\/wp-json\/wp\/v2\/users\/1"}],"replies":[{"embeddable":true,"href":"http:\/\/uzmandokum.com.tr\/demo\/wp-json\/wp\/v2\/comments?post=2224"}],"version-history":[{"count":4,"href":"http:\/\/uzmandokum.com.tr\/demo\/wp-json\/wp\/v2\/pages\/2224\/revisions"}],"predecessor-version":[{"id":2237,"href":"http:\/\/uzmandokum.com.tr\/demo\/wp-json\/wp\/v2\/pages\/2224\/revisions\/2237"}],"up":[{"embeddable":true,"href":"http:\/\/uzmandokum.com.tr\/demo\/wp-json\/wp\/v2\/pages\/2233"}],"wp:attachment":[{"href":"http:\/\/uzmandokum.com.tr\/demo\/wp-json\/wp\/v2\/media?parent=2224"}],"curies":[{"name":"wp","href":"https:\/\/api.w.org\/{rel}","templated":true}]}}