{"id":2243,"date":"2021-01-13T14:52:46","date_gmt":"2021-01-13T14:52:46","guid":{"rendered":"http:\/\/uzmandokum.com.tr\/demo\/?page_id=2243"},"modified":"2021-01-13T14:52:46","modified_gmt":"2021-01-13T14:52:46","slug":"sizdirmazlik-testi","status":"publish","type":"page","link":"http:\/\/uzmandokum.com.tr\/demo\/hizmetler\/sizdirmazlik-testi\/","title":{"rendered":"S\u0131zd\u0131rmazl\u0131k Testi"},"content":{"rendered":"<p>[vc_row][vc_column width=&#8221;1\/2&#8243;][vc_column_text]<\/p>\n<h4 class=\"box-title\">Tesviye &amp; Kumlama<\/h4>\n<p><span class=\"services_box__list-text\">20 y\u0131ldan fazla s\u00fcren s\u0131zd\u0131rmazl\u0131k par\u00e7as\u0131 \u00fcretim tecr\u00fcbemizle ve de\u011fi\u015fik ebatlardaki havuzlar\u0131m\u0131zda 0,1\u2019den 15 atm\u2019e kadar su testi yap\u0131labilmektedir.<\/span><\/p>\n<p><span class=\"services_box__list-text\">Uzman D\u00f6k\u00fcm, 400\u2019den fazla aktif s\u0131zd\u0131rmazl\u0131k par\u00e7as\u0131 \u00fcretimi ile T\u00fcrkiye\u2019nin en b\u00fcy\u00fck s\u0131zd\u0131rmazl\u0131k d\u00f6k\u00fcm par\u00e7as\u0131 \u00fcreten kurulu\u015fudur.<\/span><\/p>\n<p><span class=\"services_box__list-text\">Fabrikam\u0131zda \u00fcretilen al\u00fcminyum d\u00f6k\u00fcm par\u00e7alar\u0131n \u00e7o\u011fu s\u0131zd\u0131rmaz ve bas\u0131nca dayan\u0131kl\u0131 par\u00e7alardan olu\u015fmaktad\u0131r. Bu nedenle \u00fcretmi\u015f oldu\u011fumuz \u00fcr\u00fcnlerdeki t\u00fcm par\u00e7alara 2 bar su alt\u0131 s\u0131zd\u0131rmazl\u0131k testi yap\u0131lmaktad\u0131<\/span>[\/vc_column_text][\/vc_column][vc_column width=&#8221;1\/2&#8243;][vc_gallery type=&#8221;flexslider_slide&#8221; interval=&#8221;3&#8243; images=&#8221;479,478&#8243; img_size=&#8221;full&#8221; onclick=&#8221;&#8221;][\/vc_column][\/vc_row][vc_row][vc_column][vc_empty_space height=&#8221;40px&#8221;][\/vc_column][\/vc_row]<\/p>\n","protected":false},"excerpt":{"rendered":"<p>[vc_row][vc_column width=&#8221;1\/2&#8243;][vc_column_text] Tesviye &amp; Kumlama 20 y\u0131ldan fazla s\u00fcren s\u0131zd\u0131rmazl\u0131k par\u00e7as\u0131 \u00fcretim tecr\u00fcbemizle ve de\u011fi\u015fik ebatlardaki havuzlar\u0131m\u0131zda 0,1\u2019den 15 atm\u2019e kadar su testi yap\u0131labilmektedir. Uzman D\u00f6k\u00fcm, 400\u2019den fazla aktif s\u0131zd\u0131rmazl\u0131k par\u00e7as\u0131 \u00fcretimi ile T\u00fcrkiye\u2019nin en b\u00fcy\u00fck s\u0131zd\u0131rmazl\u0131k d\u00f6k\u00fcm par\u00e7as\u0131 \u00fcreten kurulu\u015fudur. Fabrikam\u0131zda \u00fcretilen al\u00fcminyum d\u00f6k\u00fcm par\u00e7alar\u0131n \u00e7o\u011fu s\u0131zd\u0131rmaz ve bas\u0131nca dayan\u0131kl\u0131 [&hellip;]<\/p>\n","protected":false},"author":1,"featured_media":0,"parent":2233,"menu_order":0,"comment_status":"closed","ping_status":"closed","template":"tpl\/page_single.php","meta":[],"_links":{"self":[{"href":"http:\/\/uzmandokum.com.tr\/demo\/wp-json\/wp\/v2\/pages\/2243"}],"collection":[{"href":"http:\/\/uzmandokum.com.tr\/demo\/wp-json\/wp\/v2\/pages"}],"about":[{"href":"http:\/\/uzmandokum.com.tr\/demo\/wp-json\/wp\/v2\/types\/page"}],"author":[{"embeddable":true,"href":"http:\/\/uzmandokum.com.tr\/demo\/wp-json\/wp\/v2\/users\/1"}],"replies":[{"embeddable":true,"href":"http:\/\/uzmandokum.com.tr\/demo\/wp-json\/wp\/v2\/comments?post=2243"}],"version-history":[{"count":1,"href":"http:\/\/uzmandokum.com.tr\/demo\/wp-json\/wp\/v2\/pages\/2243\/revisions"}],"predecessor-version":[{"id":2244,"href":"http:\/\/uzmandokum.com.tr\/demo\/wp-json\/wp\/v2\/pages\/2243\/revisions\/2244"}],"up":[{"embeddable":true,"href":"http:\/\/uzmandokum.com.tr\/demo\/wp-json\/wp\/v2\/pages\/2233"}],"wp:attachment":[{"href":"http:\/\/uzmandokum.com.tr\/demo\/wp-json\/wp\/v2\/media?parent=2243"}],"curies":[{"name":"wp","href":"https:\/\/api.w.org\/{rel}","templated":true}]}}