{"id":2264,"date":"2021-01-13T15:46:46","date_gmt":"2021-01-13T15:46:46","guid":{"rendered":"http:\/\/uzmandokum.com.tr\/demo\/?page_id=2264"},"modified":"2021-01-13T15:47:04","modified_gmt":"2021-01-13T15:47:04","slug":"kokil-kalip","status":"publish","type":"page","link":"http:\/\/uzmandokum.com.tr\/demo\/hizmetler\/kokil-kalip\/","title":{"rendered":"Kokil Kal\u0131p"},"content":{"rendered":"<p>[vc_row][vc_column width=&#8221;1\/2&#8243;][vc_column_text]<\/p>\n<h4 class=\"box-title\">Kum Model &amp; Kokil Kal\u0131p<\/h4>\n<p><span class=\"services_box__list-text\">Kum Kal\u0131p modelleri,\u00a0 ah\u015fap veya rapid gibi malzemelerden elde edildikten sonra ana <\/span><span class=\"services_box__list-text\">modellemeden de \u00e7al\u0131\u015fma modellemesi elde etmek amac\u0131 ile kal\u0131plama yap\u0131lmas\u0131 ve \u00e7al\u0131\u015fma modellemelerinin metal gere\u00e7ten elde edilmesi i\u00e7in kal\u0131plama yap\u0131lmaktad\u0131r.<\/span><\/p>\n<p><span class=\"services_box__list-text\">Ana modelleme, d\u00fczg\u00fcn bir y\u00fczeye yerle\u015ftirilen kal\u0131plama derecesi i\u00e7erisine yerle\u015ftirililir.<\/span><\/p>\n<p><span class=\"services_box__list-text\">\u0130nce elenmi\u015f kal\u0131p kumu modelleme \u00fczerine serpilir ve kal\u0131p kumu s\u0131k\u0131\u015ft\u0131r\u0131l\u0131r<\/span>[\/vc_column_text][\/vc_column][vc_column width=&#8221;1\/2&#8243;][vc_gallery type=&#8221;flexslider_slide&#8221; interval=&#8221;3&#8243; images=&#8221;479,478&#8243; img_size=&#8221;full&#8221; onclick=&#8221;&#8221;][vc_empty_space height=&#8221;24px&#8221;][\/vc_column][\/vc_row][vc_row][vc_column][vc_empty_space height=&#8221;40px&#8221;][\/vc_column][\/vc_row]<\/p>\n","protected":false},"excerpt":{"rendered":"<p>[vc_row][vc_column width=&#8221;1\/2&#8243;][vc_column_text] Kum Model &amp; Kokil Kal\u0131p Kum Kal\u0131p modelleri,\u00a0 ah\u015fap veya rapid gibi malzemelerden elde edildikten sonra ana modellemeden de \u00e7al\u0131\u015fma modellemesi elde etmek amac\u0131 ile kal\u0131plama yap\u0131lmas\u0131 ve \u00e7al\u0131\u015fma modellemelerinin metal gere\u00e7ten elde edilmesi i\u00e7in kal\u0131plama yap\u0131lmaktad\u0131r. Ana modelleme, d\u00fczg\u00fcn bir y\u00fczeye yerle\u015ftirilen kal\u0131plama derecesi i\u00e7erisine yerle\u015ftirililir. \u0130nce elenmi\u015f [&hellip;]<\/p>\n","protected":false},"author":1,"featured_media":0,"parent":2233,"menu_order":0,"comment_status":"closed","ping_status":"closed","template":"tpl\/page_single.php","meta":[],"_links":{"self":[{"href":"http:\/\/uzmandokum.com.tr\/demo\/wp-json\/wp\/v2\/pages\/2264"}],"collection":[{"href":"http:\/\/uzmandokum.com.tr\/demo\/wp-json\/wp\/v2\/pages"}],"about":[{"href":"http:\/\/uzmandokum.com.tr\/demo\/wp-json\/wp\/v2\/types\/page"}],"author":[{"embeddable":true,"href":"http:\/\/uzmandokum.com.tr\/demo\/wp-json\/wp\/v2\/users\/1"}],"replies":[{"embeddable":true,"href":"http:\/\/uzmandokum.com.tr\/demo\/wp-json\/wp\/v2\/comments?post=2264"}],"version-history":[{"count":1,"href":"http:\/\/uzmandokum.com.tr\/demo\/wp-json\/wp\/v2\/pages\/2264\/revisions"}],"predecessor-version":[{"id":2265,"href":"http:\/\/uzmandokum.com.tr\/demo\/wp-json\/wp\/v2\/pages\/2264\/revisions\/2265"}],"up":[{"embeddable":true,"href":"http:\/\/uzmandokum.com.tr\/demo\/wp-json\/wp\/v2\/pages\/2233"}],"wp:attachment":[{"href":"http:\/\/uzmandokum.com.tr\/demo\/wp-json\/wp\/v2\/media?parent=2264"}],"curies":[{"name":"wp","href":"https:\/\/api.w.org\/{rel}","templated":true}]}}