{"id":2291,"date":"2021-01-25T12:36:31","date_gmt":"2021-01-25T12:36:31","guid":{"rendered":"http:\/\/uzmandokum.com.tr\/demo\/?page_id=2291"},"modified":"2021-01-25T12:36:42","modified_gmt":"2021-01-25T12:36:42","slug":"vizyon","status":"publish","type":"page","link":"http:\/\/uzmandokum.com.tr\/demo\/vizyon\/","title":{"rendered":"Vizyon"},"content":{"rendered":"<p>[vc_row][vc_column width=&#8221;1\/4&#8243;][vc_widget_sidebar sidebar_id=&#8221;sidebar-page&#8221;][\/vc_column][vc_column width=&#8221;3\/4&#8243;][vc_column_text]Firmam\u0131z 1996 y\u0131l\u0131ndan bu yana kum ve kokil kal\u0131plama y\u00f6ntemi ile kendi b\u00fcnyesinde al\u00fcminyum d\u00f6k\u00fcm sekt\u00f6r\u00fcnde \u00f6nc\u00fc kurulu\u015flardan biridir. \u00dcr\u00fcn kapasitemiz 0,1kg\u2019dan 1.500 kg\u2019 a kadar olup \u00fcretim kapasite raporumuz ile belgelenmi\u015ftir. Halen kokil kal\u0131ba d\u00f6k\u00fcm kapasitemiz 350 ton\/y\u0131l, kum kal\u0131ba d\u00f6k\u00fcm kapasitemiz 250 ton\/y\u0131l\u2018d\u0131r.<\/p>\n<p>Seri imalat\u0131na devam etti\u011fimiz otomotiv, elektrik, asans\u00f6r, savunma sanayi, tar\u0131m sanayi, makine sanayinin muhtelif yedek par\u00e7a imalat\u0131n\u0131 yapmaktay\u0131z. Bunlara ilaveten madencilik, ayd\u0131nlatma, in\u015faat, plastik vb sekt\u00f6rlerle , hizmet vermekteyiz.<\/p>\n<p>Halen Almanya, Fransa, \u0130ngiltere ve Amerika \u00fclkelerine ihracat\u0131m\u0131z mevcuttur. Firma b\u00fcnyemizde; model kal\u0131plar\u0131 tasar\u0131m\u0131 ve yap\u0131m\u0131, \u00f6zg\u00fcn yolluk ve besleyici tasar\u0131mlar\u0131, her t\u00fcrl\u00fc ma\u00e7a, istenilen normlarda analizli al\u00fcminyum d\u00f6k\u00fcm, tesviye, d\u00f6k\u00fcm sonras\u0131 \u00e7apak alma, z\u0131mparalama, s\u0131zd\u0131rmazl\u0131k, bas\u0131n\u00e7 testi \u00fcnitelerine sahip olup %100 s\u0131zd\u0131rmazl\u0131k ve bas\u0131nca dayan\u0131kl\u0131 par\u00e7alar \u00fcretmektedir.<\/p>\n<p>Ayr\u0131ca kum model ve kokil kal\u0131p imalat\u0131 yapmaktay\u0131z, elimizde bulunan ask\u0131l\u0131 ve tamburlu kumlamala makinalar\u0131m\u0131z ile daha temiz ve kaliteli \u00fcr\u00fcnler \u00fcretmekteyiz.<\/p>\n<p>Ta\u015feron firmalar\u0131m\u0131zda \u0131s\u0131l i\u015flem, kimyasal analiz, fiziksel analiz (\u00e7ekme, kopma , uzama), i\u015fleme ve boyama i\u015flemlerini yapt\u0131rmaktay\u0131z.<\/p>\n<p>Sayg\u0131lar\u0131m\u0131zla[\/vc_column_text][\/vc_column][\/vc_row]<\/p>\n","protected":false},"excerpt":{"rendered":"<p>[vc_row][vc_column width=&#8221;1\/4&#8243;][vc_widget_sidebar sidebar_id=&#8221;sidebar-page&#8221;][\/vc_column][vc_column width=&#8221;3\/4&#8243;][vc_column_text]Firmam\u0131z 1996 y\u0131l\u0131ndan bu yana kum ve kokil kal\u0131plama y\u00f6ntemi ile kendi b\u00fcnyesinde al\u00fcminyum d\u00f6k\u00fcm sekt\u00f6r\u00fcnde \u00f6nc\u00fc kurulu\u015flardan biridir. \u00dcr\u00fcn kapasitemiz 0,1kg\u2019dan 1.500 kg\u2019 a kadar olup \u00fcretim kapasite raporumuz ile belgelenmi\u015ftir. Halen kokil kal\u0131ba d\u00f6k\u00fcm kapasitemiz 350 ton\/y\u0131l, kum kal\u0131ba d\u00f6k\u00fcm kapasitemiz 250 ton\/y\u0131l\u2018d\u0131r. Seri imalat\u0131na devam [&hellip;]<\/p>\n","protected":false},"author":1,"featured_media":0,"parent":0,"menu_order":0,"comment_status":"closed","ping_status":"closed","template":"tpl\/page_fullwidth.php","meta":[],"_links":{"self":[{"href":"http:\/\/uzmandokum.com.tr\/demo\/wp-json\/wp\/v2\/pages\/2291"}],"collection":[{"href":"http:\/\/uzmandokum.com.tr\/demo\/wp-json\/wp\/v2\/pages"}],"about":[{"href":"http:\/\/uzmandokum.com.tr\/demo\/wp-json\/wp\/v2\/types\/page"}],"author":[{"embeddable":true,"href":"http:\/\/uzmandokum.com.tr\/demo\/wp-json\/wp\/v2\/users\/1"}],"replies":[{"embeddable":true,"href":"http:\/\/uzmandokum.com.tr\/demo\/wp-json\/wp\/v2\/comments?post=2291"}],"version-history":[{"count":1,"href":"http:\/\/uzmandokum.com.tr\/demo\/wp-json\/wp\/v2\/pages\/2291\/revisions"}],"predecessor-version":[{"id":2292,"href":"http:\/\/uzmandokum.com.tr\/demo\/wp-json\/wp\/v2\/pages\/2291\/revisions\/2292"}],"wp:attachment":[{"href":"http:\/\/uzmandokum.com.tr\/demo\/wp-json\/wp\/v2\/media?parent=2291"}],"curies":[{"name":"wp","href":"https:\/\/api.w.org\/{rel}","templated":true}]}}