{"id":288,"date":"2017-01-14T03:33:31","date_gmt":"2017-01-14T03:33:31","guid":{"rendered":"http:\/\/localhost\/finance\/?page_id=288"},"modified":"2020-04-19T17:17:28","modified_gmt":"2020-04-19T17:17:28","slug":"urunlerimiz","status":"publish","type":"page","link":"http:\/\/uzmandokum.com.tr\/demo\/urunlerimiz\/","title":{"rendered":"\u00dcr\u00fcnlerimiz"},"content":{"rendered":"<p>[vc_row][vc_column][vc_empty_space height=&#8221;100px&#8221;][\/vc_column][\/vc_row][vc_row][vc_column width=&#8221;1\/3&#8243;][vc_single_image image=&#8221;1897&#8243; img_size=&#8221;full&#8221; onclick=&#8221;custom_link&#8221; link=&#8221;http:\/\/uzmandokum.com.tr\/demo\/urun-kategori\/endustriyel-urunler\/&#8221;][vc_column_text]<\/p>\n<p style=\"text-align: center;\"><a href=\"http:\/\/uzmandokum.com.tr\/demo\/urun-kategori\/endustriyel-urunler\/\"><strong>END\u00dcSTR\u0130YEL \u00dcR\u00dcNLER<\/strong><\/a><\/p>\n<p>[\/vc_column_text][\/vc_column][vc_column width=&#8221;1\/3&#8243;][vc_single_image image=&#8221;1898&#8243; img_size=&#8221;full&#8221; onclick=&#8221;custom_link&#8221; link=&#8221;http:\/\/uzmandokum.com.tr\/demo\/urun-kategori\/otomotiv-urunleri\/&#8221;][vc_column_text]<\/p>\n<p style=\"text-align: center;\"><a href=\"http:\/\/uzmandokum.com.tr\/demo\/urun-kategori\/otomotiv-urunleri\/\"><strong>OTOMOT\u0130V \u00dcR\u00dcNLER\u0130<\/strong><\/a><\/p>\n<p>[\/vc_column_text][\/vc_column][vc_column width=&#8221;1\/3&#8243;][vc_single_image image=&#8221;1899&#8243; img_size=&#8221;full&#8221; onclick=&#8221;custom_link&#8221; link=&#8221;http:\/\/uzmandokum.com.tr\/demo\/urun-kategori\/elektrik-urunleri\/&#8221;][vc_column_text]<\/p>\n<p style=\"text-align: center;\"><a href=\"http:\/\/uzmandokum.com.tr\/demo\/urun-kategori\/elektrik-urunleri\/\"><strong>ELEKTR\u0130K \u00dcR\u00dcNLER\u0130<\/strong><\/a><\/p>\n<p>[\/vc_column_text][\/vc_column][\/vc_row][vc_row][vc_column][vc_empty_space][\/vc_column][\/vc_row][vc_row][vc_column width=&#8221;1\/3&#8243;][vc_single_image image=&#8221;1901&#8243; img_size=&#8221;full&#8221; onclick=&#8221;custom_link&#8221; link=&#8221;http:\/\/uzmandokum.com.tr\/demo\/urun-kategori\/savunma-sanayi-urunleri\/&#8221;][vc_column_text]<\/p>\n<p style=\"text-align: center;\"><a href=\"http:\/\/uzmandokum.com.tr\/demo\/urun-kategori\/savunma-sanayi-urunleri\/\"><strong>SAVUNMA SANAY\u0130 \u00dcR\u00dcNLER\u0130<\/strong><\/a><\/p>\n<p>[\/vc_column_text][\/vc_column][vc_column width=&#8221;1\/3&#8243;][vc_single_image image=&#8221;1902&#8243; img_size=&#8221;full&#8221; onclick=&#8221;custom_link&#8221; link=&#8221;http:\/\/uzmandokum.com.tr\/demo\/urun-kategori\/genel-dokum-urunleri\/&#8221;][vc_column_text]<\/p>\n<p style=\"text-align: center;\"><a href=\"http:\/\/uzmandokum.com.tr\/demo\/urun-kategori\/genel-dokum-urunleri\/\"><strong>GENEL D\u00d6K\u00dcM \u00dcR\u00dcNLER\u0130<\/strong><\/a><\/p>\n<p>[\/vc_column_text][\/vc_column][vc_column width=&#8221;1\/3&#8243;][\/vc_column][\/vc_row][vc_row][vc_column][vc_empty_space height=&#8221;100px&#8221;][\/vc_column][\/vc_row]<\/p>\n","protected":false},"excerpt":{"rendered":"<p>[vc_row][vc_column][vc_empty_space height=&#8221;100px&#8221;][\/vc_column][\/vc_row][vc_row][vc_column width=&#8221;1\/3&#8243;][vc_single_image image=&#8221;1897&#8243; img_size=&#8221;full&#8221; onclick=&#8221;custom_link&#8221; link=&#8221;http:\/\/uzmandokum.com.tr\/demo\/urun-kategori\/endustriyel-urunler\/&#8221;][vc_column_text] END\u00dcSTR\u0130YEL \u00dcR\u00dcNLER [\/vc_column_text][\/vc_column][vc_column width=&#8221;1\/3&#8243;][vc_single_image image=&#8221;1898&#8243; img_size=&#8221;full&#8221; onclick=&#8221;custom_link&#8221; link=&#8221;http:\/\/uzmandokum.com.tr\/demo\/urun-kategori\/otomotiv-urunleri\/&#8221;][vc_column_text] OTOMOT\u0130V \u00dcR\u00dcNLER\u0130 [\/vc_column_text][\/vc_column][vc_column width=&#8221;1\/3&#8243;][vc_single_image image=&#8221;1899&#8243; img_size=&#8221;full&#8221; onclick=&#8221;custom_link&#8221; link=&#8221;http:\/\/uzmandokum.com.tr\/demo\/urun-kategori\/elektrik-urunleri\/&#8221;][vc_column_text] ELEKTR\u0130K \u00dcR\u00dcNLER\u0130 [\/vc_column_text][\/vc_column][\/vc_row][vc_row][vc_column][vc_empty_space][\/vc_column][\/vc_row][vc_row][vc_column width=&#8221;1\/3&#8243;][vc_single_image image=&#8221;1901&#8243; img_size=&#8221;full&#8221; onclick=&#8221;custom_link&#8221; link=&#8221;http:\/\/uzmandokum.com.tr\/demo\/urun-kategori\/savunma-sanayi-urunleri\/&#8221;][vc_column_text] SAVUNMA SANAY\u0130 \u00dcR\u00dcNLER\u0130 [\/vc_column_text][\/vc_column][vc_column width=&#8221;1\/3&#8243;][vc_single_image image=&#8221;1902&#8243; img_size=&#8221;full&#8221; onclick=&#8221;custom_link&#8221; link=&#8221;http:\/\/uzmandokum.com.tr\/demo\/urun-kategori\/genel-dokum-urunleri\/&#8221;][vc_column_text] GENEL D\u00d6K\u00dcM \u00dcR\u00dcNLER\u0130 [\/vc_column_text][\/vc_column][vc_column width=&#8221;1\/3&#8243;][\/vc_column][\/vc_row][vc_row][vc_column][vc_empty_space height=&#8221;100px&#8221;][\/vc_column][\/vc_row]<\/p>\n","protected":false},"author":1,"featured_media":0,"parent":0,"menu_order":0,"comment_status":"closed","ping_status":"closed","template":"tpl\/page_fullwidth.php","meta":[],"_links":{"self":[{"href":"http:\/\/uzmandokum.com.tr\/demo\/wp-json\/wp\/v2\/pages\/288"}],"collection":[{"href":"http:\/\/uzmandokum.com.tr\/demo\/wp-json\/wp\/v2\/pages"}],"about":[{"href":"http:\/\/uzmandokum.com.tr\/demo\/wp-json\/wp\/v2\/types\/page"}],"author":[{"embeddable":true,"href":"http:\/\/uzmandokum.com.tr\/demo\/wp-json\/wp\/v2\/users\/1"}],"replies":[{"embeddable":true,"href":"http:\/\/uzmandokum.com.tr\/demo\/wp-json\/wp\/v2\/comments?post=288"}],"version-history":[{"count":11,"href":"http:\/\/uzmandokum.com.tr\/demo\/wp-json\/wp\/v2\/pages\/288\/revisions"}],"predecessor-version":[{"id":1906,"href":"http:\/\/uzmandokum.com.tr\/demo\/wp-json\/wp\/v2\/pages\/288\/revisions\/1906"}],"wp:attachment":[{"href":"http:\/\/uzmandokum.com.tr\/demo\/wp-json\/wp\/v2\/media?parent=288"}],"curies":[{"name":"wp","href":"https:\/\/api.w.org\/{rel}","templated":true}]}}