{"id":537,"date":"2017-02-06T07:00:20","date_gmt":"2017-02-06T07:00:20","guid":{"rendered":"http:\/\/localhost\/finance\/?page_id=537"},"modified":"2021-01-13T14:51:05","modified_gmt":"2021-01-13T14:51:05","slug":"kum-dokum","status":"publish","type":"page","link":"http:\/\/uzmandokum.com.tr\/demo\/hizmetler\/kum-dokum\/","title":{"rendered":"Kum D\u00f6k\u00fcm"},"content":{"rendered":"<p>[vc_row][vc_column width=&#8221;1\/2&#8243;][vc_column_text]<\/p>\n<h4 class=\"box-title\">Kum D\u00f6k\u00fcm<\/h4>\n<p><span class=\"services_box__list-text\">Kum kal\u0131ba d\u00f6k\u00fcm y\u00f6ntemi en \u00e7ok kullan\u0131lan d\u00f6k\u00fcm y\u00f6ntemlerinden biridir.<\/span><\/p>\n<p><span class=\"services_box__list-text\">Kal\u0131p maliyetinin d\u00fc\u015f\u00fck olu\u015fu ve \u00e7ok farkl\u0131 boyutlardaki par\u00e7alarda uygulan\u0131\u015f\u0131 sebebiyle tercih edilmektedir.<\/span><\/p>\n<p><span class=\"services_box__list-text\">Kum kal\u0131ba d\u00f6k\u00fcm y\u00f6ntemi makine yard\u0131m\u0131yla kal\u0131plama ve elle kal\u0131plama olarak ikiye ayr\u0131l\u0131r.<\/span><\/p>\n<p><span class=\"services_box__list-text\">D\u00f6k\u00fcm s\u0131ras\u0131nda yer \u00e7ekiminden yararlan\u0131l\u0131r ve bu y\u00f6ntem, d\u00f6k\u00fcm par\u00e7alar\u0131n\u0131n tek veya k\u00fc\u00e7\u00fck \u00e7apl\u0131 seri \u00fcretimi i\u00e7in uygundur.<\/span>[\/vc_column_text][\/vc_column][vc_column width=&#8221;1\/2&#8243;][vc_gallery type=&#8221;flexslider_slide&#8221; interval=&#8221;3&#8243; images=&#8221;479,478&#8243; img_size=&#8221;full&#8221; onclick=&#8221;&#8221;][vc_empty_space height=&#8221;24px&#8221;][\/vc_column][\/vc_row][vc_row][vc_column][vc_empty_space height=&#8221;40px&#8221;][\/vc_column][\/vc_row]<\/p>\n","protected":false},"excerpt":{"rendered":"<p>[vc_row][vc_column width=&#8221;1\/2&#8243;][vc_column_text] Kum D\u00f6k\u00fcm Kum kal\u0131ba d\u00f6k\u00fcm y\u00f6ntemi en \u00e7ok kullan\u0131lan d\u00f6k\u00fcm y\u00f6ntemlerinden biridir. Kal\u0131p maliyetinin d\u00fc\u015f\u00fck olu\u015fu ve \u00e7ok farkl\u0131 boyutlardaki par\u00e7alarda uygulan\u0131\u015f\u0131 sebebiyle tercih edilmektedir. Kum kal\u0131ba d\u00f6k\u00fcm y\u00f6ntemi makine yard\u0131m\u0131yla kal\u0131plama ve elle kal\u0131plama olarak ikiye ayr\u0131l\u0131r. D\u00f6k\u00fcm s\u0131ras\u0131nda yer \u00e7ekiminden yararlan\u0131l\u0131r ve bu y\u00f6ntem, d\u00f6k\u00fcm par\u00e7alar\u0131n\u0131n tek [&hellip;]<\/p>\n","protected":false},"author":1,"featured_media":0,"parent":2233,"menu_order":0,"comment_status":"closed","ping_status":"closed","template":"tpl\/page_single.php","meta":[],"_links":{"self":[{"href":"http:\/\/uzmandokum.com.tr\/demo\/wp-json\/wp\/v2\/pages\/537"}],"collection":[{"href":"http:\/\/uzmandokum.com.tr\/demo\/wp-json\/wp\/v2\/pages"}],"about":[{"href":"http:\/\/uzmandokum.com.tr\/demo\/wp-json\/wp\/v2\/types\/page"}],"author":[{"embeddable":true,"href":"http:\/\/uzmandokum.com.tr\/demo\/wp-json\/wp\/v2\/users\/1"}],"replies":[{"embeddable":true,"href":"http:\/\/uzmandokum.com.tr\/demo\/wp-json\/wp\/v2\/comments?post=537"}],"version-history":[{"count":3,"href":"http:\/\/uzmandokum.com.tr\/demo\/wp-json\/wp\/v2\/pages\/537\/revisions"}],"predecessor-version":[{"id":2242,"href":"http:\/\/uzmandokum.com.tr\/demo\/wp-json\/wp\/v2\/pages\/537\/revisions\/2242"}],"up":[{"embeddable":true,"href":"http:\/\/uzmandokum.com.tr\/demo\/wp-json\/wp\/v2\/pages\/2233"}],"wp:attachment":[{"href":"http:\/\/uzmandokum.com.tr\/demo\/wp-json\/wp\/v2\/media?parent=537"}],"curies":[{"name":"wp","href":"https:\/\/api.w.org\/{rel}","templated":true}]}}