{"id":745,"date":"2017-02-24T10:26:48","date_gmt":"2017-02-24T10:26:48","guid":{"rendered":"http:\/\/localhost\/finance\/?page_id=745"},"modified":"2019-01-05T16:56:38","modified_gmt":"2019-01-05T16:56:38","slug":"haberler","status":"publish","type":"page","link":"http:\/\/uzmandokum.com.tr\/demo\/haberler\/","title":{"rendered":"Haberler"},"content":{"rendered":"<p>[vc_row][vc_column]\n\t\t\t<div class=\"blog-shortcode  blog-grid blog-four-columns has-post-content\">\n\n\t\t\t\n\t\t\t\t        \t<article class=\"entry\">\n\t        \t\t<div class=\"entry-border\">\n\t\t\t\t\t\t<div class=\"featured-post\">\n\t\t\t\t\t\t\t<a href=\"http:\/\/uzmandokum.com.tr\/demo\/tesisimize-yeni-yatirimlar-yapildi\/\">\t\t\t\t\t\t\t\n\t\t\t\t\t\t\t\t<img width=\"370\" height=\"247\" src=\"http:\/\/uzmandokum.com.tr\/demo\/wp-content\/uploads\/2021\/01\/master-looks-on-steelmaking-process-in-furnace-33RYS26-370x247.jpg\" class=\"attachment-themesflat-blog-shortcode size-themesflat-blog-shortcode wp-post-image\" alt=\"\" loading=\"lazy\" srcset=\"http:\/\/uzmandokum.com.tr\/demo\/wp-content\/uploads\/2021\/01\/master-looks-on-steelmaking-process-in-furnace-33RYS26-370x247.jpg 370w, http:\/\/uzmandokum.com.tr\/demo\/wp-content\/uploads\/2021\/01\/master-looks-on-steelmaking-process-in-furnace-33RYS26-300x200.jpg 300w, http:\/\/uzmandokum.com.tr\/demo\/wp-content\/uploads\/2021\/01\/master-looks-on-steelmaking-process-in-furnace-33RYS26-600x401.jpg 600w, http:\/\/uzmandokum.com.tr\/demo\/wp-content\/uploads\/2021\/01\/master-looks-on-steelmaking-process-in-furnace-33RYS26.jpg 750w\" sizes=\"(max-width: 370px) 100vw, 370px\" \/>\t\t\t\t\t\t\t<\/a>\n\t\t\t\t\t\t<\/div>\n\t\t\t\t\t\t<div class=\"content-post\">\n\t\t\t\t\t\t\t<h2><a href=\"http:\/\/uzmandokum.com.tr\/demo\/tesisimize-yeni-yatirimlar-yapildi\/\">Tesisimize Yeni Yat\u0131r\u0131mlar Yap\u0131ld\u0131<\/a><\/h2>\n\n\t\t\t\t\t\t\t<div class=\"entry-meta clearfix\">\n\t\t\t\t\t\t\t\t<span class=\"entry-date\">13<\/span>\n\t\t\t\t\t\t\t\t<span class=\"entry-month\">Oca<\/span>\n\t\t\t\t\t\t\t<\/div><!-- .meta-post -->\n\t\t\t\t\t\t\t\n\t\t\t\t\t\t\t\t\t\t\t\t\t\t\t\t\n\t\t\t\t\t\t\t\t<div class=\"entry-content\">\n\n\t\t\t\t\t\t\t\t\t2020 y\u0131l\u0131nda yapt\u0131\u011f\u0131m\u0131z ek yat\u0131r\u0131m ve arge \u00e7al\u0131\u015fmalar\u0131 do\u011frultusunda tesisimize\r\n\r\n \t1 adet 350 kilograml\u0131k do\u011falgaz ergitme oca\u011f\u0131\r\n \t1 adet ask\u0131l\u0131 ku...\n\t\t\t\t\t\t\t\t\t\n\t\t\t\t\t\t\t\t<\/div>\n\n\t\t\t\t\t\t\t\t\t\t\t\t\t<\/div>\n\t\t\t\t\t<\/div>\n\t\t\t\t<\/article><!-- \/.entry -->\n\n\t\t\t\t        \t<article class=\"entry\">\n\t        \t\t<div class=\"entry-border\">\n\t\t\t\t\t\t<div class=\"featured-post\">\n\t\t\t\t\t\t\t<a href=\"http:\/\/uzmandokum.com.tr\/demo\/tesisimizi-buyuttuk\/\">\t\t\t\t\t\t\t\n\t\t\t\t\t\t\t\t<img width=\"370\" height=\"247\" src=\"http:\/\/uzmandokum.com.tr\/demo\/wp-content\/uploads\/2021\/01\/empty-dilapidated-casting-metalwork-workshop-NGNU4AK-370x247.jpg\" class=\"attachment-themesflat-blog-shortcode size-themesflat-blog-shortcode wp-post-image\" alt=\"\" loading=\"lazy\" srcset=\"http:\/\/uzmandokum.com.tr\/demo\/wp-content\/uploads\/2021\/01\/empty-dilapidated-casting-metalwork-workshop-NGNU4AK-370x247.jpg 370w, http:\/\/uzmandokum.com.tr\/demo\/wp-content\/uploads\/2021\/01\/empty-dilapidated-casting-metalwork-workshop-NGNU4AK-300x199.jpg 300w, http:\/\/uzmandokum.com.tr\/demo\/wp-content\/uploads\/2021\/01\/empty-dilapidated-casting-metalwork-workshop-NGNU4AK.jpg 750w\" sizes=\"(max-width: 370px) 100vw, 370px\" \/>\t\t\t\t\t\t\t<\/a>\n\t\t\t\t\t\t<\/div>\n\t\t\t\t\t\t<div class=\"content-post\">\n\t\t\t\t\t\t\t<h2><a href=\"http:\/\/uzmandokum.com.tr\/demo\/tesisimizi-buyuttuk\/\">Tesisimizi B\u00fcy\u00fctt\u00fck<\/a><\/h2>\n\n\t\t\t\t\t\t\t<div class=\"entry-meta clearfix\">\n\t\t\t\t\t\t\t\t<span class=\"entry-date\">13<\/span>\n\t\t\t\t\t\t\t\t<span class=\"entry-month\">Oca<\/span>\n\t\t\t\t\t\t\t<\/div><!-- .meta-post -->\n\t\t\t\t\t\t\t\n\t\t\t\t\t\t\t\t\t\t\t\t\t\t\t\t\n\t\t\t\t\t\t\t\t<div class=\"entry-content\">\n\n\t\t\t\t\t\t\t\t\t2020 y\u0131l\u0131nda yapt\u0131\u011f\u0131m\u0131z yat\u0131r\u0131mlar ile 500 m\u00b2 kapal\u0131 alan\u0131 olan tesisimizi 1000 m\u00b2 ye \u00e7\u0131kartarak i\u015f g\u00fcc\u00fcm\u00fcz\u00fc art\u0131rd\u0131k. Bu sayede sizlere daha iyi hizm...\n\t\t\t\t\t\t\t\t\t\n\t\t\t\t\t\t\t\t<\/div>\n\n\t\t\t\t\t\t\t\t\t\t\t\t\t<\/div>\n\t\t\t\t\t<\/div>\n\t\t\t\t<\/article><!-- \/.entry -->\n\n\t\t\t\t        \t<article class=\"entry\">\n\t        \t\t<div class=\"entry-border\">\n\t\t\t\t\t\t<div class=\"featured-post\">\n\t\t\t\t\t\t\t<a href=\"http:\/\/uzmandokum.com.tr\/demo\/izmir-fit-fuarina-katiliyoruz\/\">\t\t\t\t\t\t\t\n\t\t\t\t\t\t\t\t<img width=\"370\" height=\"247\" src=\"http:\/\/uzmandokum.com.tr\/demo\/wp-content\/uploads\/2017\/01\/SPOILER_003-370x247.jpg\" class=\"attachment-themesflat-blog-shortcode size-themesflat-blog-shortcode wp-post-image\" alt=\"\" loading=\"lazy\" \/>\t\t\t\t\t\t\t<\/a>\n\t\t\t\t\t\t<\/div>\n\t\t\t\t\t\t<div class=\"content-post\">\n\t\t\t\t\t\t\t<h2><a href=\"http:\/\/uzmandokum.com.tr\/demo\/izmir-fit-fuarina-katiliyoruz\/\">D\u00f6k\u00fcm nedir? Nas\u0131l yap\u0131l\u0131r?<\/a><\/h2>\n\n\t\t\t\t\t\t\t<div class=\"entry-meta clearfix\">\n\t\t\t\t\t\t\t\t<span class=\"entry-date\">11<\/span>\n\t\t\t\t\t\t\t\t<span class=\"entry-month\">Oca<\/span>\n\t\t\t\t\t\t\t<\/div><!-- .meta-post -->\n\t\t\t\t\t\t\t\n\t\t\t\t\t\t\t\t\t\t\t\t\t\t\t\t\n\t\t\t\t\t\t\t\t<div class=\"entry-content\">\n\n\t\t\t\t\t\t\t\t\tErimi\u015f metalin, elde edilecek par\u00e7an\u0131n \u015fekline sahip bir kal\u0131p bo\u015flu\u011funa, yer\u00e7ekimi veya bas\u0131n\u00e7 uygulanarak doldurulup kat\u0131la\u015faca\u011f\u0131 y\u00f6nteme d\u00f6k\u00fcm deni...\n\t\t\t\t\t\t\t\t\t\n\t\t\t\t\t\t\t\t<\/div>\n\n\t\t\t\t\t\t\t\t\t\t\t\t\t<\/div>\n\t\t\t\t\t<\/div>\n\t\t\t\t<\/article><!-- \/.entry -->\n\n\t\t\t\t        \t<article class=\"entry\">\n\t        \t\t<div class=\"entry-border\">\n\t\t\t\t\t\t<div class=\"featured-post\">\n\t\t\t\t\t\t\t<a href=\"http:\/\/uzmandokum.com.tr\/demo\/dokum-kalibi-nasil-yapilir\/\">\t\t\t\t\t\t\t\n\t\t\t\t\t\t\t\t<img width=\"370\" height=\"247\" src=\"http:\/\/uzmandokum.com.tr\/demo\/wp-content\/uploads\/2017\/01\/SPOILER_011113724-370x247.jpg\" class=\"attachment-themesflat-blog-shortcode size-themesflat-blog-shortcode wp-post-image\" alt=\"\" loading=\"lazy\" srcset=\"http:\/\/uzmandokum.com.tr\/demo\/wp-content\/uploads\/2017\/01\/SPOILER_011113724-370x247.jpg 370w, http:\/\/uzmandokum.com.tr\/demo\/wp-content\/uploads\/2017\/01\/SPOILER_011113724-300x200.jpg 300w, http:\/\/uzmandokum.com.tr\/demo\/wp-content\/uploads\/2017\/01\/SPOILER_011113724-1024x683.jpg 1024w, http:\/\/uzmandokum.com.tr\/demo\/wp-content\/uploads\/2017\/01\/SPOILER_011113724-768x512.jpg 768w, http:\/\/uzmandokum.com.tr\/demo\/wp-content\/uploads\/2017\/01\/SPOILER_011113724-1536x1024.jpg 1536w, http:\/\/uzmandokum.com.tr\/demo\/wp-content\/uploads\/2017\/01\/SPOILER_011113724-2048x1365.jpg 2048w, http:\/\/uzmandokum.com.tr\/demo\/wp-content\/uploads\/2017\/01\/SPOILER_011113724-600x400.jpg 600w\" sizes=\"(max-width: 370px) 100vw, 370px\" \/>\t\t\t\t\t\t\t<\/a>\n\t\t\t\t\t\t<\/div>\n\t\t\t\t\t\t<div class=\"content-post\">\n\t\t\t\t\t\t\t<h2><a href=\"http:\/\/uzmandokum.com.tr\/demo\/dokum-kalibi-nasil-yapilir\/\">D\u00f6k\u00fcm Kal\u0131b\u0131 Nas\u0131l Yap\u0131l\u0131r?<\/a><\/h2>\n\n\t\t\t\t\t\t\t<div class=\"entry-meta clearfix\">\n\t\t\t\t\t\t\t\t<span class=\"entry-date\">11<\/span>\n\t\t\t\t\t\t\t\t<span class=\"entry-month\">Oca<\/span>\n\t\t\t\t\t\t\t<\/div><!-- .meta-post -->\n\t\t\t\t\t\t\t\n\t\t\t\t\t\t\t\t\t\t\t\t\t\t\t\t\n\t\t\t\t\t\t\t\t<div class=\"entry-content\">\n\n\t\t\t\t\t\t\t\t\t\u0130yi d\u00f6k\u00fcm tasar\u0131m\u0131, mevcut \u00fcretim y\u00f6ntemlerine maksimum uyum g\u00f6steren ve mevcut \u015fartlar i\u00e7inde d\u00fc\u015f\u00fck maliyetle hatas\u0131z d\u00f6k\u00fcm elde edilebilmesini sa\u011fla...\n\t\t\t\t\t\t\t\t\t\n\t\t\t\t\t\t\t\t<\/div>\n\n\t\t\t\t\t\t\t\t\t\t\t\t\t<\/div>\n\t\t\t\t\t<\/div>\n\t\t\t\t<\/article><!-- \/.entry -->\n\n\t\t\t<\/div>[\/vc_column][\/vc_row]<\/p>\n","protected":false},"excerpt":{"rendered":"<p>[vc_row][vc_column][\/vc_column][\/vc_row]<\/p>\n","protected":false},"author":1,"featured_media":0,"parent":0,"menu_order":0,"comment_status":"closed","ping_status":"closed","template":"tpl\/page_fullwidth.php","meta":[],"_links":{"self":[{"href":"http:\/\/uzmandokum.com.tr\/demo\/wp-json\/wp\/v2\/pages\/745"}],"collection":[{"href":"http:\/\/uzmandokum.com.tr\/demo\/wp-json\/wp\/v2\/pages"}],"about":[{"href":"http:\/\/uzmandokum.com.tr\/demo\/wp-json\/wp\/v2\/types\/page"}],"author":[{"embeddable":true,"href":"http:\/\/uzmandokum.com.tr\/demo\/wp-json\/wp\/v2\/users\/1"}],"replies":[{"embeddable":true,"href":"http:\/\/uzmandokum.com.tr\/demo\/wp-json\/wp\/v2\/comments?post=745"}],"version-history":[{"count":6,"href":"http:\/\/uzmandokum.com.tr\/demo\/wp-json\/wp\/v2\/pages\/745\/revisions"}],"predecessor-version":[{"id":1721,"href":"http:\/\/uzmandokum.com.tr\/demo\/wp-json\/wp\/v2\/pages\/745\/revisions\/1721"}],"wp:attachment":[{"href":"http:\/\/uzmandokum.com.tr\/demo\/wp-json\/wp\/v2\/media?parent=745"}],"curies":[{"name":"wp","href":"https:\/\/api.w.org\/{rel}","templated":true}]}}