{"id":1968,"date":"2020-12-25T18:54:04","date_gmt":"2020-12-25T18:54:04","guid":{"rendered":"http:\/\/uzmandokum.com.tr\/demo\/?post_type=product&#038;p=1968"},"modified":"2020-12-25T18:55:12","modified_gmt":"2020-12-25T18:55:12","slug":"endustriyel-pompa-kapagi","status":"publish","type":"product","link":"https:\/\/uzmandokum.com.tr\/demo\/urun\/endustriyel-pompa-kapagi\/","title":{"rendered":"End\u00fcstriyel Pompa Kapa\u011f\u0131"},"content":{"rendered":"<p>[vc_row][vc_column][\/vc_column][\/vc_row]<\/p>\n","protected":false},"excerpt":{"rendered":"<p>\u00dcr\u00fcn hakk\u0131nda daha fazla bilgi almak ve sipari\u015f vermek i\u00e7in \u00fcr\u00fcn stok kodu ile birlikte <a href=\"tel:+902163976378\">0216 397 63 78<\/a> numaral\u0131 telefondan ileti\u015fime ge\u00e7ebilirsiniz.<\/p>\n","protected":false},"featured_media":1969,"template":"","meta":[],"_links":{"self":[{"href":"https:\/\/uzmandokum.com.tr\/demo\/wp-json\/wp\/v2\/product\/1968"}],"collection":[{"href":"https:\/\/uzmandokum.com.tr\/demo\/wp-json\/wp\/v2\/product"}],"about":[{"href":"https:\/\/uzmandokum.com.tr\/demo\/wp-json\/wp\/v2\/types\/product"}],"wp:featuredmedia":[{"embeddable":true,"href":"https:\/\/uzmandokum.com.tr\/demo\/wp-json\/wp\/v2\/media\/1969"}],"wp:attachment":[{"href":"https:\/\/uzmandokum.com.tr\/demo\/wp-json\/wp\/v2\/media?parent=1968"}],"curies":[{"name":"wp","href":"https:\/\/api.w.org\/{rel}","templated":true}]}}