{"id":1989,"date":"2020-12-25T19:01:27","date_gmt":"2020-12-25T19:01:27","guid":{"rendered":"http:\/\/uzmandokum.com.tr\/demo\/?post_type=product&#038;p=1989"},"modified":"2020-12-25T19:02:14","modified_gmt":"2020-12-25T19:02:14","slug":"darbuka","status":"publish","type":"product","link":"https:\/\/uzmandokum.com.tr\/demo\/urun\/darbuka\/","title":{"rendered":"Darbuka"},"content":{"rendered":"<p>[vc_row][vc_column][\/vc_column][\/vc_row]<\/p>\n","protected":false},"excerpt":{"rendered":"<p>\u00dcr\u00fcn hakk\u0131nda daha fazla bilgi almak ve sipari\u015f vermek i\u00e7in \u00fcr\u00fcn stok kodu ile birlikte <a href=\"tel:+902163976378\">0216 397 63 78<\/a> numaral\u0131 telefondan ileti\u015fime ge\u00e7ebilirsiniz.<\/p>\n","protected":false},"featured_media":1990,"template":"","meta":[],"_links":{"self":[{"href":"https:\/\/uzmandokum.com.tr\/demo\/wp-json\/wp\/v2\/product\/1989"}],"collection":[{"href":"https:\/\/uzmandokum.com.tr\/demo\/wp-json\/wp\/v2\/product"}],"about":[{"href":"https:\/\/uzmandokum.com.tr\/demo\/wp-json\/wp\/v2\/types\/product"}],"wp:featuredmedia":[{"embeddable":true,"href":"https:\/\/uzmandokum.com.tr\/demo\/wp-json\/wp\/v2\/media\/1990"}],"wp:attachment":[{"href":"https:\/\/uzmandokum.com.tr\/demo\/wp-json\/wp\/v2\/media?parent=1989"}],"curies":[{"name":"wp","href":"https:\/\/api.w.org\/{rel}","templated":true}]}}