{"id":2003,"date":"2020-12-25T19:09:09","date_gmt":"2020-12-25T19:09:09","guid":{"rendered":"http:\/\/uzmandokum.com.tr\/demo\/?post_type=product&#038;p=2003"},"modified":"2020-12-25T19:10:13","modified_gmt":"2020-12-25T19:10:13","slug":"spor-aleti-3","status":"publish","type":"product","link":"https:\/\/uzmandokum.com.tr\/demo\/urun\/spor-aleti-3\/","title":{"rendered":"Spor Aleti 3"},"content":{"rendered":"<p>[vc_row][vc_column][\/vc_column][\/vc_row]<\/p>\n","protected":false},"excerpt":{"rendered":"<p>\u00dcr\u00fcn hakk\u0131nda daha fazla bilgi almak ve sipari\u015f vermek i\u00e7in \u00fcr\u00fcn stok kodu ile birlikte <a href=\"tel:+902163976378\">0216 397 63 78<\/a> numaral\u0131 telefondan ileti\u015fime ge\u00e7ebilirsiniz.<\/p>\n","protected":false},"featured_media":2004,"template":"","meta":[],"_links":{"self":[{"href":"https:\/\/uzmandokum.com.tr\/demo\/wp-json\/wp\/v2\/product\/2003"}],"collection":[{"href":"https:\/\/uzmandokum.com.tr\/demo\/wp-json\/wp\/v2\/product"}],"about":[{"href":"https:\/\/uzmandokum.com.tr\/demo\/wp-json\/wp\/v2\/types\/product"}],"wp:featuredmedia":[{"embeddable":true,"href":"https:\/\/uzmandokum.com.tr\/demo\/wp-json\/wp\/v2\/media\/2004"}],"wp:attachment":[{"href":"https:\/\/uzmandokum.com.tr\/demo\/wp-json\/wp\/v2\/media?parent=2003"}],"curies":[{"name":"wp","href":"https:\/\/api.w.org\/{rel}","templated":true}]}}