{"id":2013,"date":"2020-12-25T19:15:35","date_gmt":"2020-12-25T19:15:35","guid":{"rendered":"http:\/\/uzmandokum.com.tr\/demo\/?post_type=product&#038;p=2013"},"modified":"2020-12-25T19:18:01","modified_gmt":"2020-12-25T19:18:01","slug":"tlg-6762","status":"publish","type":"product","link":"https:\/\/uzmandokum.com.tr\/demo\/urun\/tlg-6762\/","title":{"rendered":"TLG 6762"},"content":{"rendered":"<p>[vc_row][vc_column][\/vc_column][\/vc_row]<\/p>\n","protected":false},"excerpt":{"rendered":"<p>\u00dcr\u00fcn hakk\u0131nda daha fazla bilgi almak ve sipari\u015f vermek i\u00e7in \u00fcr\u00fcn stok kodu ile birlikte <a href=\"tel:+902163976378\">0216 397 63 78<\/a> numaral\u0131 telefondan ileti\u015fime ge\u00e7ebilirsiniz.<\/p>\n","protected":false},"featured_media":2015,"template":"","meta":[],"_links":{"self":[{"href":"https:\/\/uzmandokum.com.tr\/demo\/wp-json\/wp\/v2\/product\/2013"}],"collection":[{"href":"https:\/\/uzmandokum.com.tr\/demo\/wp-json\/wp\/v2\/product"}],"about":[{"href":"https:\/\/uzmandokum.com.tr\/demo\/wp-json\/wp\/v2\/types\/product"}],"wp:featuredmedia":[{"embeddable":true,"href":"https:\/\/uzmandokum.com.tr\/demo\/wp-json\/wp\/v2\/media\/2015"}],"wp:attachment":[{"href":"https:\/\/uzmandokum.com.tr\/demo\/wp-json\/wp\/v2\/media?parent=2013"}],"curies":[{"name":"wp","href":"https:\/\/api.w.org\/{rel}","templated":true}]}}